{"id":12400,"date":"2025-02-21T11:30:52","date_gmt":"2025-02-21T10:30:52","guid":{"rendered":"https:\/\/www.scheidecker.com\/klassische_reitkunst\/?page_id=12400"},"modified":"2025-02-25T15:01:21","modified_gmt":"2025-02-25T14:01:21","slug":"startseite","status":"publish","type":"page","link":"https:\/\/www.scheidecker.com\/klassische_reitkunst\/","title":{"rendered":"Klassische Reitkunst"},"content":{"rendered":"<p><div class=\"et_d4_element et_pb_section et_pb_section_0 et_pb_with_background  et_pb_css_mix_blend_mode et_section_regular et_block_section\" >\n\t\t\t\t\n\t\t\t\t\n\t\t\t\t\n\t\t\t\t\n\t\t\t\t<span class=\"et_pb_background_mask\"><\/span>\n\t\t\t\t\n\t\t\t\t<div class=\"et_d4_element et_pb_row et_pb_row_0  et_pb_css_mix_blend_mode et_block_row\">\n\t\t\t\t<div class=\"et_d4_element et_pb_column_1_2 et_pb_column et_pb_column_0  et_pb_css_mix_blend_mode et_block_column\">\n\t\t\t\t\n\t\t\t\t\n\t\t\t\t\n\t\t\t\t\n\t\t\t\t<div class=\"et_pb_module et_d4_element et_pb_heading et_pb_heading_0 et_pb_bg_layout_\">\n\t\t\t\t\n\t\t\t\t\n\t\t\t\t\n\t\t\t\t\n\t\t\t\t<div class=\"et_pb_heading_container\"><h4 class=\"et_pb_module_heading\">Entdecken Sie die Kunst der Pferdeausbildung<\/h4><\/div>\n\t\t\t<\/div><div class=\"et_pb_module et_d4_element et_pb_heading et_pb_heading_1 et_pb_bg_layout_\">\n\t\t\t\t\n\t\t\t\t\n\t\t\t\t\n\t\t\t\t\n\t\t\t\t<div class=\"et_pb_heading_container\"><h1 class=\"et_pb_module_heading\">Klassische Reitkunst mit Angela Scheidecker<\/h1><\/div>\n\t\t\t<\/div><div class=\"et_pb_module et_d4_element et_pb_text et_pb_text_0  et_pb_text_align_left et_pb_bg_layout_light\">\n\t\t\t\t\n\t\t\t\t\n\t\t\t\t\n\t\t\t\t\n\t\t\t\t<div class=\"et_pb_text_inner\"><p>Erleben Sie die einzigartige Verbindung von traditioneller Reitkunst und modernem Pferdetraining. Tauchen Sie ein in die Welt der Pferde und entdecken Sie, wie wir das Leben mit ihnen bereichern k\u00f6nnen.<\/p><\/div>\n\t\t\t<\/div>\n\t\t\t<\/div><div class=\"et_d4_element et_pb_column_1_2 et_pb_column et_pb_column_1  et_pb_css_mix_blend_mode et-last-child et_block_column\">\n\t\t\t\t\n\t\t\t\t\n\t\t\t\t\n\t\t\t\t\n\t\t\t\t<div class=\"et_pb_module et_d4_element et_pb_image et_pb_image_0\">\n\t\t\t\t\n\t\t\t\t\n\t\t\t\t\n\t\t\t\t\n\t\t\t\t<span class=\"et_pb_image_wrap has-box-shadow-overlay\"><div class=\"box-shadow-overlay\"><\/div><img loading=\"lazy\" decoding=\"async\" width=\"2048\" height=\"1365\" src=\"https:\/\/www.scheidecker.com\/klassische_reitkunst\/wp-content\/uploads\/C2024-12-30-0487.jpeg\" alt=\"\" title=\"Winter 2024\" srcset=\"https:\/\/www.scheidecker.com\/klassische_reitkunst\/wp-content\/uploads\/C2024-12-30-0487.jpeg 2048w, https:\/\/www.scheidecker.com\/klassische_reitkunst\/wp-content\/uploads\/C2024-12-30-0487-1280x853.jpeg 1280w, https:\/\/www.scheidecker.com\/klassische_reitkunst\/wp-content\/uploads\/C2024-12-30-0487-980x653.jpeg 980w, https:\/\/www.scheidecker.com\/klassische_reitkunst\/wp-content\/uploads\/C2024-12-30-0487-480x320.jpeg 480w\" sizes=\"(min-width: 0px) and (max-width: 480px) 480px, (min-width: 481px) and (max-width: 980px) 980px, (min-width: 981px) and (max-width: 1280px) 1280px, (min-width: 1281px) 2048px, 100vw\" class=\"wp-image-12412\" \/><\/span>\n\t\t\t<\/div>\n\t\t\t<\/div>\n\t\t\t\t\n\t\t\t\t\n\t\t\t\t\n\t\t\t\t\n\t\t\t<\/div>\n\t\t\t\t\n\t\t\t\t\n\t\t\t<\/div><div class=\"et_d4_element et_pb_section et_pb_section_1  et_pb_css_mix_blend_mode et_section_regular et_block_section\" >\n\t\t\t\t\n\t\t\t\t\n\t\t\t\t\n\t\t\t\t\n\t\t\t\t\n\t\t\t\t\n\t\t\t\t<div class=\"et_d4_element et_pb_row et_pb_row_1  et_pb_css_mix_blend_mode et_block_row\">\n\t\t\t\t<div class=\"et_d4_element et_pb_column_4_4 et_pb_column et_pb_column_2  et_pb_css_mix_blend_mode et-last-child et_block_column\">\n\t\t\t\t\n\t\t\t\t\n\t\t\t\t\n\t\t\t\t\n\t\t\t\t<div class=\"et_pb_module et_d4_element et_pb_heading et_pb_heading_2 et_pb_bg_layout_\">\n\t\t\t\t\n\t\t\t\t\n\t\t\t\t\n\t\t\t\t\n\t\t\t\t<div class=\"et_pb_heading_container\"><h2 class=\"et_pb_module_heading\">Neueste Artikel <\/h2><\/div>\n\t\t\t<\/div>\n\t\t\t<\/div>\n\t\t\t\t\n\t\t\t\t\n\t\t\t\t\n\t\t\t\t\n\t\t\t<\/div><div class=\"et_d4_element et_pb_row et_pb_row_2  et_pb_css_mix_blend_mode et_block_row\">\n\t\t\t\t<div class=\"et_d4_element et_pb_column_4_4 et_pb_column et_pb_column_3  et_pb_css_mix_blend_mode et-last-child et_block_column\">\n\t\t\t\t\n\t\t\t\t\n\t\t\t\t\n\t\t\t\t\n\t\t\t\t<div class=\"et_pb_module et_d4_element et_pb_blog_0  et_pb_css_mix_blend_mode et_pb_posts et_pb_bg_layout_light \">\n\t\t\t\t\n\t\t\t\t\n\t\t\t\t\n\t\t\t\t\n\t\t\t\t<div class=\"et_pb_ajax_pagination_container\">\n\t\t\t\t\t\n\t\t\t<article id=\"post-54\" class=\"et_pb_post clearfix et_pb_no_thumb et_pb_blog_item_0_0 post-54 post type-post status-publish format-standard hentry category-uber-uns tag-reitlehrerin\">\n\n\t\t\t\t\n\t\t\t\t\t\t\t\t\t\t\t\t\t\t<h2 class=\"entry-title\">\n\t\t\t\t\t\t\t\t\t\t\t\t\t<a href=\"https:\/\/www.scheidecker.com\/klassische_reitkunst\/uber-uns\/reiterlicher-werdegang\/\">Reiterlicher Werdegang<\/a>\n\t\t\t\t\t\t\t\t\t\t\t<\/h2>\n\t\t\t\t\n\t\t\t\t\t<p class=\"post-meta\"><span class=\"published\">22. November  2024<\/span><\/p><div class=\"post-content\"><div class=\"post-content-inner et_pb_blog_show_content\"><p>Wie bei so vielen begann meine Reiterliche Laufbahn mit Ponyreiten und Voltigieren, sp\u00e4ter ritt ich dann verschiedene Vereinspferde auf kleineren Turnieren. 1988 erwarb ich das Reitabzeichen in Bronze. Kurz darauf erfolgte eine l\u00e4ngere Reitpause. Mit 22 Jahren fing ich dann wieder an zu reiten. <a href=\"https:\/\/www.scheidecker.com\/klassische_reitkunst\/uber-uns\/reiterlicher-werdegang\/#more-54\" class=\"more-link\"><span aria-label=\"Reiterlicher Werdegang weiterlesen\">(mehr\u00a0&hellip;)<\/span><\/a><\/p>\n<\/div><\/div>\t\t\t\n\t\t\t<\/article>\n\t\t\t\t\n\t\t\t<article id=\"post-12341\" class=\"et_pb_post clearfix et_pb_no_thumb et_pb_blog_item_0_1 post-12341 post type-post status-publish format-standard hentry category-ausbildung category-minha-querida category-news\">\n\n\t\t\t\t\n\t\t\t\t\t\t\t\t\t\t\t\t\t\t<h2 class=\"entry-title\">\n\t\t\t\t\t\t\t\t\t\t\t\t\t<a href=\"https:\/\/www.scheidecker.com\/klassische_reitkunst\/ausbildung\/klassische-reitkunst-mit-joao-pedro-rodriques\/\">Klassische Reitkunst mit Jo\u00e3o Pedro Rodriques<\/a>\n\t\t\t\t\t\t\t\t\t\t\t<\/h2>\n\t\t\t\t\n\t\t\t\t\t<p class=\"post-meta\"><span class=\"published\">4. November  2022<\/span><\/p><div class=\"post-content\"><div class=\"post-content-inner et_pb_blog_show_content\"><p>Es waren 2 spannende Einheiten beim Jo\u00e3o Pedro Rodriques und Minha hatte sehr gut mitgemacht, ok in der zweiten Einheit musste Sie erst einmal die \u00fcbersch\u00fcssige Energie loswerden, danach war alles wieder gut \ud83d\ude42<\/p>\nngg_shortcode_0_placeholder\n<\/div><\/div>\t\t\t\n\t\t\t<\/article>\n\t\t\t\t\n\t\t\t<article id=\"post-12162\" class=\"et_pb_post clearfix et_pb_no_thumb et_pb_blog_item_0_2 post-12162 post type-post status-publish format-standard has-post-thumbnail hentry category-ausbildung category-minha-querida category-news tag-desmond-obrien tag-minha-querida\">\n\n\t\t\t\t\n\t\t\t\t\t\t\t\t\t\t\t\t\t\t<h2 class=\"entry-title\">\n\t\t\t\t\t\t\t\t\t\t\t\t\t<a href=\"https:\/\/www.scheidecker.com\/klassische_reitkunst\/ausbildung\/reitkurs-mit-desmond-obrien\/\">Reitkurs mit Desmond O&#8217;Brien<\/a>\n\t\t\t\t\t\t\t\t\t\t\t<\/h2>\n\t\t\t\t\n\t\t\t\t\t<p class=\"post-meta\"><span class=\"published\">3. September  2022<\/span><\/p><div class=\"post-content\"><div class=\"post-content-inner et_pb_blog_show_content\"><p>Nach den beiden Kursen mit Ruth Giffels in diesem Jahr folgte nun auch der Kurs mit Desmond O&#8217;Brien. Das Verladetraining zeigt Fr\u00fcchte, es ist noch nicht da wo wir sein m\u00f6chten jedoch Micha Querida war gelassen und ging doch recht z\u00fcgig rein, auch auf dem Heimweg.<\/p>\n<p>Beim Kurs hat Sie sehr gut mitgemacht, nat\u00fcrlich klappt noch nicht alles im ersten Anlauf, daf\u00fcr gehen wir ja auch auf den Kurs um evtl einschleichende Dinge zu beheben, das gefestigte zu f\u00f6rdern.<\/p>\nngg_shortcode_1_placeholder\n<\/div><\/div>\t\t\t\n\t\t\t<\/article>\n\t\t\t\t\n\t\t\t<article id=\"post-11866\" class=\"et_pb_post clearfix et_pb_no_thumb et_pb_blog_item_0_3 post-11866 post type-post status-publish format-standard hentry category-ausbildung\">\n\n\t\t\t\t\n\t\t\t\t\t\t\t\t\t\t\t\t\t\t<h2 class=\"entry-title\">\n\t\t\t\t\t\t\t\t\t\t\t\t\t<a href=\"https:\/\/www.scheidecker.com\/klassische_reitkunst\/ausbildung\/update-minha-querida-oktober-2019\/\">Update Minha Querida Oktober 2019<\/a>\n\t\t\t\t\t\t\t\t\t\t\t<\/h2>\n\t\t\t\t\n\t\t\t\t\t<p class=\"post-meta\"><span class=\"published\">16. Oktober  2019<\/span><\/p><div class=\"post-content\"><div class=\"post-content-inner et_pb_blog_show_content\"><p>Jetzt sind schon 4 Monate vergangen seit Minha bei uns eingezogen ist und sie entwickelt sich pr\u00e4chtig. Waren die ersten Longierversuche noch etwas harzig, geht sie jetzt locker alle drei Gangarten auf Stimmhilfe. Auch die Zirkel auf der rechten Hand, die immer etwas gr\u00f6sser waren als die auf der linken Hand, haben sich sehr verbessert. Gemeinsame Spazierg\u00e4nge mit Alea und anderen Pferden hat sich auch bereits gemeistert. Stangentraining ein ersten Kuh Kontakt und das \u00dcberqueren einer Br\u00fccke war ebenfalls kein Problem<br \/>\nDie Gew\u00f6hnung an das Gebiss und an den Sattel verliefen unspektakul\u00e4r. Jetzt warten wir noch auf die Sattlerin, die den Sattel anpasst und dann kann es mit reiten losgehen.<br \/>\nIch bin jeden Tag auf \u2018s Neue \u00fcberrascht wie personenbezogen Minah ist, wie neugierig sie auch auf \u00abgruselige\u00bb Gegenst\u00e4nde los geht und wie unproblematisch sie alles Neue wegsteckt.<br \/>\nEs macht wirklich sehr viel Spass mit ihr zu arbeiten.<br \/>\n<img loading=\"lazy\" decoding=\"async\" src=\"https:\/\/www.scheidecker.com\/klassische_reitkunst\/wp-content\/uploads\/72461519_10218160396654073_5594670355919667200_o-600x399.jpg\" alt=\"\" width=\"600\" height=\"399\" class=\"alignnone size-medium wp-image-11867\" srcset=\"https:\/\/www.scheidecker.com\/klassische_reitkunst\/wp-content\/uploads\/72461519_10218160396654073_5594670355919667200_o-600x399.jpg 600w, https:\/\/www.scheidecker.com\/klassische_reitkunst\/wp-content\/uploads\/72461519_10218160396654073_5594670355919667200_o-768x511.jpg 768w, https:\/\/www.scheidecker.com\/klassische_reitkunst\/wp-content\/uploads\/72461519_10218160396654073_5594670355919667200_o-1024x682.jpg 1024w, https:\/\/www.scheidecker.com\/klassische_reitkunst\/wp-content\/uploads\/72461519_10218160396654073_5594670355919667200_o-451x300.jpg 451w, https:\/\/www.scheidecker.com\/klassische_reitkunst\/wp-content\/uploads\/72461519_10218160396654073_5594670355919667200_o.jpg 2048w\" sizes=\"(max-width: 600px) 100vw, 600px\" \/><\/p>\n<\/div><\/div>\t\t\t\n\t\t\t<\/article>\n\t\t\t\t\n\t\t\t<article id=\"post-11778\" class=\"et_pb_post clearfix et_pb_no_thumb et_pb_blog_item_0_4 post-11778 post type-post status-publish format-standard hentry category-ausbildung category-minha-querida category-news category-uber-uns\">\n\n\t\t\t\t\n\t\t\t\t\t\t\t\t\t\t\t\t\t\t<h2 class=\"entry-title\">\n\t\t\t\t\t\t\t\t\t\t\t\t\t<a href=\"https:\/\/www.scheidecker.com\/klassische_reitkunst\/ausbildung\/neues-familienmitglied\/\">Neues Familienmitglied<\/a>\n\t\t\t\t\t\t\t\t\t\t\t<\/h2>\n\t\t\t\t\n\t\t\t\t\t<p class=\"post-meta\"><span class=\"published\">28. Juni  2019<\/span><\/p><div class=\"post-content\"><div class=\"post-content-inner et_pb_blog_show_content\"><p>Huch schon wieder ist ein Monat rum und ich habe es ganz vers\u00e4umt unser neues Familienmitglied vorzustellen. Ich bin ja schon seit Anfang des Jahres auf der Suche nach einem geeigneten Nachwuchspferd, ich hatte mir das eigentlich ziemlich einfach vorgestellt. Geeignete Kandidaten gibt es ja in diversen Internetplattformen.<br \/>\nIch habe auch viele gute und sch\u00f6ne Pferde gesehen, die eigentlich alle eine sehr gute Aufzucht genossen hatten. Doch leider hatten einige der Pferde schon Ver\u00e4nderungen die man auf den R\u00f6ntgenbildern sehen konnte, klar ist es m\u00f6glich das die Pferde ihr Leben lang ohne Probleme mit diesen Ver\u00e4nderungen laufen. Aber dieses Mal wollte ich auf Nummer sicher gehen.<br \/>\nSchliesslich haben wir dann doch noch das f\u00fcr uns perfekte Pferd gefunden.<br \/>\nMinha Querida, eine 3-j\u00e4hrige Lusitano Rappstute (ja ich habe tats\u00e4chlich mal keinen Schimmel gekauft), aus der Zucht von Lambrecht Lusitanos.<br \/>\nMinha hat sich bereits gut eingelebt und entwickelt sich pr\u00e4chtig. Wir sind sehr gespannt auf Ihre weitere Entwicklung. Sie ist ein wahrer Schatz.<br \/>\n<img loading=\"lazy\" decoding=\"async\" class=\"alignnone size-medium wp-image-11779\" src=\"https:\/\/www.scheidecker.com\/klassische_reitkunst\/wp-content\/uploads\/Minha_5-600x399.jpg\" alt=\"\" width=\"600\" height=\"399\" srcset=\"https:\/\/www.scheidecker.com\/klassische_reitkunst\/wp-content\/uploads\/Minha_5-600x399.jpg 600w, https:\/\/www.scheidecker.com\/klassische_reitkunst\/wp-content\/uploads\/Minha_5-768x511.jpg 768w, https:\/\/www.scheidecker.com\/klassische_reitkunst\/wp-content\/uploads\/Minha_5-1024x681.jpg 1024w, https:\/\/www.scheidecker.com\/klassische_reitkunst\/wp-content\/uploads\/Minha_5-451x300.jpg 451w, https:\/\/www.scheidecker.com\/klassische_reitkunst\/wp-content\/uploads\/Minha_5.jpg 2000w\" sizes=\"(max-width: 600px) 100vw, 600px\" \/><\/p>\n<\/div><\/div>\t\t\t\n\t\t\t<\/article>\n\t\t\t\t\n\t\t\t\t<\/div>\n\t\t\t\t<\/div> <div class=\"et_pb_with_border et_pb_module et_d4_element et_pb_sidebar_0 et_pb_widget_area clearfix et_pb_widget_area_left et_pb_bg_layout_light et_pb_sidebar_no_border\">\n\t\t\t\t\n\t\t\t\t\n\t\t\t\t\n\t\t\t\t\n\t\t\t\t\n\t\t\t<\/div>\n\t\t\t<\/div>\n\t\t\t\t\n\t\t\t\t\n\t\t\t\t\n\t\t\t\t\n\t\t\t<\/div>\n\t\t\t\t\n\t\t\t\t\n\t\t\t<\/div><div class=\"et_d4_element et_pb_section et_pb_section_2  et_pb_css_mix_blend_mode et_section_regular et_block_section\" >\n\t\t\t\t\n\t\t\t\t\n\t\t\t\t\n\t\t\t\t\n\t\t\t\t\n\t\t\t\t\n\t\t\t\t<div class=\"et_d4_element et_pb_row et_pb_row_3  et_pb_css_mix_blend_mode et_block_row\">\n\t\t\t\t<div class=\"et_d4_element et_pb_column_1_2 et_pb_column et_pb_column_4  et_pb_css_mix_blend_mode et_block_column\">\n\t\t\t\t\n\t\t\t\t\n\t\t\t\t\n\t\t\t\t\n\t\t\t\t<div class=\"et_pb_module et_d4_element et_pb_heading et_pb_heading_3 et_pb_bg_layout_\">\n\t\t\t\t\n\t\t\t\t\n\t\t\t\t\n\t\t\t\t\n\t\t\t\t<div class=\"et_pb_heading_container\"><h2 class=\"et_pb_module_heading\">\u00dcber Angela Scheidecker<\/h2><\/div>\n\t\t\t<\/div><div class=\"et_pb_module et_d4_element et_pb_text et_pb_text_1  et_pb_text_align_left et_pb_bg_layout_light\">\n\t\t\t\t\n\t\t\t\t\n\t\t\t\t\n\t\t\t\t\n\t\t\t\t<div class=\"et_pb_text_inner\">Angela Scheidecker ist eine leidenschaftliche Verfechterin der klassischen Reitkunst. Mit jahrelanger Erfahrung in der Ausbildung von Pferden und Reitern hat sie eine einzigartige Philosophie entwickelt, die auf Vertrauen, Respekt und Harmonie basiert. Ihr Ziel ist es, die nat\u00fcrliche Sch\u00f6nheit und Eleganz der Pferde durch sanfte und effektive Trainingsmethoden zu f\u00f6rdern.<\/div>\n\t\t\t<\/div>\n\t\t\t<\/div><div class=\"et_d4_element et_pb_column_1_2 et_pb_column et_pb_column_5  et_pb_css_mix_blend_mode et-last-child et_block_column\">\n\t\t\t\t\n\t\t\t\t\n\t\t\t\t\n\t\t\t\t\n\t\t\t\t<div class=\"et_pb_module et_d4_element et_pb_image et_pb_image_1\">\n\t\t\t\t\n\t\t\t\t\n\t\t\t\t\n\t\t\t\t\n\t\t\t\t<span class=\"et_pb_image_wrap has-box-shadow-overlay\"><div class=\"box-shadow-overlay\"><\/div><img loading=\"lazy\" decoding=\"async\" width=\"2048\" height=\"1365\" src=\"https:\/\/www.scheidecker.com\/klassische_reitkunst\/wp-content\/uploads\/C2024-11-02-6361.jpeg\" alt=\"\" title=\"Herbstbilder\" srcset=\"https:\/\/www.scheidecker.com\/klassische_reitkunst\/wp-content\/uploads\/C2024-11-02-6361.jpeg 2048w, https:\/\/www.scheidecker.com\/klassische_reitkunst\/wp-content\/uploads\/C2024-11-02-6361-1280x853.jpeg 1280w, https:\/\/www.scheidecker.com\/klassische_reitkunst\/wp-content\/uploads\/C2024-11-02-6361-980x653.jpeg 980w, https:\/\/www.scheidecker.com\/klassische_reitkunst\/wp-content\/uploads\/C2024-11-02-6361-480x320.jpeg 480w\" sizes=\"(min-width: 0px) and (max-width: 480px) 480px, (min-width: 481px) and (max-width: 980px) 980px, (min-width: 981px) and (max-width: 1280px) 1280px, (min-width: 1281px) 2048px, 100vw\" class=\"wp-image-12411\" \/><\/span>\n\t\t\t<\/div>\n\t\t\t<\/div>\n\t\t\t\t\n\t\t\t\t\n\t\t\t\t\n\t\t\t\t\n\t\t\t<\/div>\n\t\t\t\t\n\t\t\t\t\n\t\t\t<\/div><div class=\"et_d4_element et_pb_section et_pb_section_3  et_pb_css_mix_blend_mode et_section_regular et_block_section\" >\n\t\t\t\t\n\t\t\t\t\n\t\t\t\t\n\t\t\t\t\n\t\t\t\t\n\t\t\t\t\n\t\t\t\t\n\t\t\t\t\n\t\t\t\t\n\t\t\t<\/div><\/p>\n","protected":false},"excerpt":{"rendered":"","protected":false},"author":4,"featured_media":0,"parent":0,"menu_order":0,"comment_status":"closed","ping_status":"closed","template":"","meta":{"ngg_post_thumbnail":0,"_et_pb_use_builder":"on","_et_pb_old_content":"","_et_gb_content_width":"","footnotes":""},"class_list":["post-12400","page","type-page","status-publish","hentry"],"_links":{"self":[{"href":"https:\/\/www.scheidecker.com\/klassische_reitkunst\/wp-json\/wp\/v2\/pages\/12400","targetHints":{"allow":["GET"]}}],"collection":[{"href":"https:\/\/www.scheidecker.com\/klassische_reitkunst\/wp-json\/wp\/v2\/pages"}],"about":[{"href":"https:\/\/www.scheidecker.com\/klassische_reitkunst\/wp-json\/wp\/v2\/types\/page"}],"author":[{"embeddable":true,"href":"https:\/\/www.scheidecker.com\/klassische_reitkunst\/wp-json\/wp\/v2\/users\/4"}],"replies":[{"embeddable":true,"href":"https:\/\/www.scheidecker.com\/klassische_reitkunst\/wp-json\/wp\/v2\/comments?post=12400"}],"version-history":[{"count":2,"href":"https:\/\/www.scheidecker.com\/klassische_reitkunst\/wp-json\/wp\/v2\/pages\/12400\/revisions"}],"predecessor-version":[{"id":12440,"href":"https:\/\/www.scheidecker.com\/klassische_reitkunst\/wp-json\/wp\/v2\/pages\/12400\/revisions\/12440"}],"wp:attachment":[{"href":"https:\/\/www.scheidecker.com\/klassische_reitkunst\/wp-json\/wp\/v2\/media?parent=12400"}],"curies":[{"name":"wp","href":"https:\/\/api.w.org\/{rel}","templated":true}]}}